{"id":2134,"date":"2018-06-08T09:45:28","date_gmt":"2018-06-08T06:45:28","guid":{"rendered":"https:\/\/www.chingenesailing.com\/en\/?page_id=2134"},"modified":"2018-06-08T10:07:19","modified_gmt":"2018-06-08T07:07:19","slug":"what-is-blue-cruise","status":"publish","type":"page","link":"https:\/\/www.chingenesailing.com\/en\/what-is-blue-cruise\/","title":{"rendered":"What is &#8216;Blue Cruise&#8217;"},"content":{"rendered":"<div id=\"pl-2134\"  class=\"panel-layout\" ><div id=\"pg-2134-0\"  class=\"panel-grid panel-no-style\" ><div id=\"pgc-2134-0-0\"  class=\"panel-grid-cell\" ><div id=\"panel-2134-0-0-0\" class=\"so-panel widget widget_sow-image panel-first-child panel-last-child\" data-index=\"0\" ><div\n\t\t\t\n\t\t\tclass=\"so-widget-sow-image so-widget-sow-image-default-c67d20f9f743-2134\"\n\t\t\t\n\t\t>\n<div class=\"sow-image-container\">\n\t\t<img \n\tsrc=\"https:\/\/www.chingenesailing.com\/en\/wp-content\/uploads\/sites\/3\/2017\/02\/cevatsakir2.jpg\" width=\"350\" height=\"450\" srcset=\"https:\/\/www.chingenesailing.com\/en\/wp-content\/uploads\/sites\/3\/2017\/02\/cevatsakir2.jpg 350w, https:\/\/www.chingenesailing.com\/en\/wp-content\/uploads\/sites\/3\/2017\/02\/cevatsakir2-233x300.jpg 233w\" sizes=\"(max-width: 350px) 100vw, 350px\" title=\"Cevat \u015eakir Foto\" alt=\"\" \t\tclass=\"so-widget-image\"\/>\n\t<\/div>\n\n<\/div><\/div><\/div><div id=\"pgc-2134-0-1\"  class=\"panel-grid-cell\" ><div id=\"panel-2134-0-1-0\" class=\"so-panel widget widget_sow-editor panel-first-child panel-last-child\" data-index=\"1\" ><div\n\t\t\t\n\t\t\tclass=\"so-widget-sow-editor so-widget-sow-editor-base\"\n\t\t\t\n\t\t>\n<div class=\"siteorigin-widget-tinymce textwidget\">\n\t<h6><\/h6>\n<h6>Cevat \u015eakir Kabaa\u011fa\u00e7l\u0131, known as the 'Fisherman of Halicarnassus', Halikarnas Bal\u0131k\u00e7\u0131s\u0131 was the founder of the famous 'Blue Cruise' in Turkey. A historian, humanist and ecologist. Halikarnas Bal\u0131k\u00e7\u0131s\u0131 was one of Turkey's most popular writers and has been described as a modern homer.<\/h6>\n<h6>The man with eyes the color of the sea, sentenced to a three year exile in Bodrum, transformed his exile into freedom, blue and green into poetry. The sea cruises he went on little fishermen and sponge boats with his humanist intellectual friends in 1950s, became to be known as the \u201cBlue Cruise\u201d in the travel literature.<\/h6>\n<h6>A 'Blue Cruise' in Turkey begins with the intention to get to know the early civilizations on the shores of the Mediterranean and the Aegean. The purpose of this cruise all through G\u00f6kova Gulf, Gulf of Hisar\u00f6n\u00fc, Marmaris, Gulf of Fethiye down to Antalya is to reconnect people with nature and to present the geography with the heritage of culturel treasures amongst the beauty of nature.<\/h6>\n<\/div>\n<\/div><\/div><\/div><\/div><\/div>","protected":false},"excerpt":{"rendered":"<p>Cevat \u015eakir Kabaa\u011fa\u00e7l\u0131, known as the &#8216;Fisherman of Halicarnassus&#8217;, Halikarnas Bal\u0131k\u00e7\u0131s\u0131 was the founder of the famous &#8216;Blue Cruise&#8217; in Turkey. A historian, humanist and ecologist. Halikarnas Bal\u0131k\u00e7\u0131s\u0131 was one of Turkey&#8217;s most popular writers and has been described as a modern homer. The man with eyes the color of the sea, sentenced to a [&hellip;]<\/p>\n","protected":false},"author":1,"featured_media":0,"parent":0,"menu_order":0,"comment_status":"closed","ping_status":"closed","template":"","meta":{"footnotes":""},"class_list":["post-2134","page","type-page","status-publish","hentry"],"_links":{"self":[{"href":"https:\/\/www.chingenesailing.com\/en\/wp-json\/wp\/v2\/pages\/2134","targetHints":{"allow":["GET"]}}],"collection":[{"href":"https:\/\/www.chingenesailing.com\/en\/wp-json\/wp\/v2\/pages"}],"about":[{"href":"https:\/\/www.chingenesailing.com\/en\/wp-json\/wp\/v2\/types\/page"}],"author":[{"embeddable":true,"href":"https:\/\/www.chingenesailing.com\/en\/wp-json\/wp\/v2\/users\/1"}],"replies":[{"embeddable":true,"href":"https:\/\/www.chingenesailing.com\/en\/wp-json\/wp\/v2\/comments?post=2134"}],"version-history":[{"count":18,"href":"https:\/\/www.chingenesailing.com\/en\/wp-json\/wp\/v2\/pages\/2134\/revisions"}],"predecessor-version":[{"id":2155,"href":"https:\/\/www.chingenesailing.com\/en\/wp-json\/wp\/v2\/pages\/2134\/revisions\/2155"}],"wp:attachment":[{"href":"https:\/\/www.chingenesailing.com\/en\/wp-json\/wp\/v2\/media?parent=2134"}],"curies":[{"name":"wp","href":"https:\/\/api.w.org\/{rel}","templated":true}]}}